 {"id":184181,"date":"2026-01-12T11:51:19","date_gmt":"2026-01-12T10:51:19","guid":{"rendered":"https:\/\/foodandgood.fr\/guia-y-revista-gastronomica-de-comida-y-buen-comer\/"},"modified":"2026-03-28T16:14:20","modified_gmt":"2026-03-28T15:14:20","slug":"guia-y-revista-gastronomica-de-comida-y-buen-comer","status":"publish","type":"page","link":"https:\/\/foodandgood.fr\/es\/","title":{"rendered":"Gu\u00eda y revista gastron\u00f3mica de comida y buen comer"},"content":{"rendered":"\t\t<div data-elementor-type=\"wp-page\" data-elementor-id=\"184181\" class=\"elementor elementor-184181 elementor-182159\" data-elementor-post-type=\"page\">\n\t\t\t\t<div class=\"elementor-element elementor-element-e4c1c60 e-con-full e-flex e-con e-parent\" data-id=\"e4c1c60\" data-element_type=\"container\" data-e-type=\"container\" data-settings='{\"background_background\":\"classic\"}'>\n\t\t<div class=\"elementor-element elementor-element-6a9017d e-con-full e-flex e-con e-child\" data-id=\"6a9017d\" data-element_type=\"container\" data-e-type=\"container\" data-settings='{\"background_background\":\"classic\"}'>\n\t\t<div class=\"elementor-element elementor-element-1ae2993 e-con-full e-flex e-con e-child\" data-id=\"1ae2993\" data-element_type=\"container\" data-e-type=\"container\">\n\t\t<div class=\"elementor-element elementor-element-9dac70d e-con-full e-flex e-con e-child\" data-id=\"9dac70d\" data-element_type=\"container\" data-e-type=\"container\">\n\t\t<a class=\"elementor-element elementor-element-6b6c9a9 e-con-full e-flex e-con e-child\" data-id=\"6b6c9a9\" data-element_type=\"container\" data-e-type=\"container\" data-settings='{\"background_background\":\"classic\"}' href=\"https:\/\/foodandgood.fr\/actus-gourmandes\/\">\n\t\t<div class=\"elementor-element elementor-element-2e30263 e-con-full e-flex e-con e-child\" data-id=\"2e30263\" data-element_type=\"container\" data-e-type=\"container\" data-settings='{\"background_background\":\"gradient\"}'>\n\t\t\t\t<div class=\"elementor-element elementor-element-bf0b3b1 elementor-widget elementor-widget-heading\" data-id=\"bf0b3b1\" data-element_type=\"widget\" data-e-type=\"widget\" data-widget_type=\"heading.default\">\n\t\t\t\t<div class=\"elementor-widget-container\">\n\t\t\t\t\t<h2 class=\"elementor-heading-title elementor-size-default\">Noticias<\/h2>\t\t\t\t<\/div>\n\t\t\t\t<\/div>\n\t\t\t\t<div class=\"elementor-element elementor-element-360a3f4 elementor-widget elementor-widget-heading\" data-id=\"360a3f4\" data-element_type=\"widget\" data-e-type=\"widget\" data-widget_type=\"heading.default\">\n\t\t\t\t<div class=\"elementor-widget-container\">\n\t\t\t\t\t<div class=\"elementor-heading-title elementor-size-default\">Descubre nuestras novedades gastron\u00f3micas<\/div>\t\t\t\t<\/div>\n\t\t\t\t<\/div>\n\t\t\t\t<\/div>\n\t\t\t\t<\/a>\n\t\t\t\t<\/div>\n\t\t<a class=\"elementor-element elementor-element-15372af e-con-full e-flex e-con e-child\" data-id=\"15372af\" data-element_type=\"container\" data-e-type=\"container\" data-settings='{\"background_background\":\"classic\"}' href=\"https:\/\/foodandgood.fr\/etablissements\/\">\n\t\t<div class=\"elementor-element elementor-element-eb2132a e-con-full e-flex e-con e-child\" data-id=\"eb2132a\" data-element_type=\"container\" data-e-type=\"container\" data-settings='{\"background_background\":\"gradient\"}'>\n\t\t\t\t<div class=\"elementor-element elementor-element-6e4bd83 elementor-widget elementor-widget-heading\" data-id=\"6e4bd83\" data-element_type=\"widget\" data-e-type=\"widget\" data-widget_type=\"heading.default\">\n\t\t\t\t<div class=\"elementor-widget-container\">\n\t\t\t\t\t<h2 class=\"elementor-heading-title elementor-size-default\">Gu\u00eda Gastron\u00f3mica<\/h2>\t\t\t\t<\/div>\n\t\t\t\t<\/div>\n\t\t\t\t<div class=\"elementor-element elementor-element-a220564 elementor-widget elementor-widget-heading\" data-id=\"a220564\" data-element_type=\"widget\" data-e-type=\"widget\" data-widget_type=\"heading.default\">\n\t\t\t\t<div class=\"elementor-widget-container\">\n\t\t\t\t\t<div class=\"elementor-heading-title elementor-size-default\">Buenos lugares para comer: restaurantes, vinotecas, vi\u00f1edos...<\/div>\t\t\t\t<\/div>\n\t\t\t\t<\/div>\n\t\t\t\t<\/div>\n\t\t\t\t<\/a>\n\t\t<a class=\"elementor-element elementor-element-177795a e-con-full e-flex e-con e-child\" data-id=\"177795a\" data-element_type=\"container\" data-e-type=\"container\" data-settings='{\"background_background\":\"classic\"}' href=\"https:\/\/foodandgood.fr\/boutique\/\">\n\t\t<div class=\"elementor-element elementor-element-1e421d1 e-con-full e-flex e-con e-child\" data-id=\"1e421d1\" data-element_type=\"container\" data-e-type=\"container\" data-settings='{\"background_background\":\"gradient\"}'>\n\t\t\t\t<div class=\"elementor-element elementor-element-e48657d elementor-widget elementor-widget-heading\" data-id=\"e48657d\" data-element_type=\"widget\" data-e-type=\"widget\" data-widget_type=\"heading.default\">\n\t\t\t\t<div class=\"elementor-widget-container\">\n\t\t\t\t\t<h2 class=\"elementor-heading-title elementor-size-default\">Club<\/h2>\t\t\t\t<\/div>\n\t\t\t\t<\/div>\n\t\t\t\t<div class=\"elementor-element elementor-element-8b9174e elementor-widget elementor-widget-heading\" data-id=\"8b9174e\" data-element_type=\"widget\" data-e-type=\"widget\" data-widget_type=\"heading.default\">\n\t\t\t\t<div class=\"elementor-widget-container\">\n\t\t\t\t\t<div class=\"elementor-heading-title elementor-size-default\">Aprovecha las ofertas por tiempo limitado de nuestros productores.<\/div>\t\t\t\t<\/div>\n\t\t\t\t<\/div>\n\t\t\t\t<\/div>\n\t\t\t\t<\/a>\n\t\t\t\t<\/div>\n\t\t<div class=\"elementor-element elementor-element-e50e6cb e-con-full e-flex e-con e-child\" data-id=\"e50e6cb\" data-element_type=\"container\" data-e-type=\"container\">\n\t\t<div class=\"elementor-element elementor-element-b2d74ea e-con-full e-flex e-con e-child\" data-id=\"b2d74ea\" data-element_type=\"container\" data-e-type=\"container\">\n\t\t<a class=\"elementor-element elementor-element-b71c27c e-con-full e-flex e-con e-child\" data-id=\"b71c27c\" data-element_type=\"container\" data-e-type=\"container\" data-settings='{\"background_background\":\"classic\"}' href=\"https:\/\/foodandgood.fr\/produit\/abonnement\/\">\n\t\t<div class=\"elementor-element elementor-element-1d93b0e e-con-full e-flex e-con e-child\" data-id=\"1d93b0e\" data-element_type=\"container\" data-e-type=\"container\" data-settings='{\"background_background\":\"gradient\"}'>\n\t\t\t\t<div class=\"elementor-element elementor-element-03e63b8 elementor-widget elementor-widget-heading\" data-id=\"03e63b8\" data-element_type=\"widget\" data-e-type=\"widget\" data-widget_type=\"heading.default\">\n\t\t\t\t<div class=\"elementor-widget-container\">\n\t\t\t\t\t<h2 class=\"elementor-heading-title elementor-size-default\">Suscripci\u00f3n<\/h2>\t\t\t\t<\/div>\n\t\t\t\t<\/div>\n\t\t\t\t<div class=\"elementor-element elementor-element-74817ed elementor-widget elementor-widget-heading\" data-id=\"74817ed\" data-element_type=\"widget\" data-e-type=\"widget\" data-widget_type=\"heading.default\">\n\t\t\t\t<div class=\"elementor-widget-container\">\n\t\t\t\t\t<div class=\"elementor-heading-title elementor-size-default\">Suscr\u00edbete a la revista<\/div>\t\t\t\t<\/div>\n\t\t\t\t<\/div>\n\t\t\t\t<\/div>\n\t\t\t\t<\/a>\n\t\t\t\t<\/div>\n\t\t<a class=\"elementor-element elementor-element-3d6c401 e-con-full e-flex e-con e-child\" data-id=\"3d6c401\" data-element_type=\"container\" data-e-type=\"container\" data-settings='{\"background_background\":\"classic\"}' href=\"https:\/\/foodandgood.fr\/magazines\/\">\n\t\t<div class=\"elementor-element elementor-element-e9372a0 e-con-full e-flex e-con e-child\" data-id=\"e9372a0\" data-element_type=\"container\" data-e-type=\"container\" data-settings='{\"background_background\":\"gradient\"}'>\n\t\t\t\t<div class=\"elementor-element elementor-element-2921adf elementor-widget elementor-widget-heading\" data-id=\"2921adf\" data-element_type=\"widget\" data-e-type=\"widget\" data-widget_type=\"heading.default\">\n\t\t\t\t<div class=\"elementor-widget-container\">\n\t\t\t\t\t<h2 class=\"elementor-heading-title elementor-size-default\">Invierno de 2025<\/h2>\t\t\t\t<\/div>\n\t\t\t\t<\/div>\n\t\t\t\t<div class=\"elementor-element elementor-element-3b1671f elementor-widget elementor-widget-heading\" data-id=\"3b1671f\" data-element_type=\"widget\" data-e-type=\"widget\" data-widget_type=\"heading.default\">\n\t\t\t\t<div class=\"elementor-widget-container\">\n\t\t\t\t\t<div class=\"elementor-heading-title elementor-size-default\">Diciembre de 2025 - marzo de 2026<\/div>\t\t\t\t<\/div>\n\t\t\t\t<\/div>\n\t\t\t\t<\/div>\n\t\t\t\t<\/a>\n\t\t<a class=\"elementor-element elementor-element-170e7de e-con-full e-flex e-con e-child\" data-id=\"170e7de\" data-element_type=\"container\" data-e-type=\"container\" data-settings='{\"background_background\":\"classic\"}' href=\"https:\/\/foodandgood.fr\/es\/reserva\/\">\n\t\t<div class=\"elementor-element elementor-element-acc8a16 e-con-full e-flex e-con e-child\" data-id=\"acc8a16\" data-element_type=\"container\" data-e-type=\"container\" data-settings='{\"background_background\":\"gradient\"}'>\n\t\t\t\t<div class=\"elementor-element elementor-element-91e5510 elementor-widget elementor-widget-heading\" data-id=\"91e5510\" data-element_type=\"widget\" data-e-type=\"widget\" data-widget_type=\"heading.default\">\n\t\t\t\t<div class=\"elementor-widget-container\">\n\t\t\t\t\t<h2 class=\"elementor-heading-title elementor-size-default\">Reserva<\/h2>\t\t\t\t<\/div>\n\t\t\t\t<\/div>\n\t\t\t\t<div class=\"elementor-element elementor-element-38dc4c0 elementor-widget elementor-widget-heading\" data-id=\"38dc4c0\" data-element_type=\"widget\" data-e-type=\"widget\" data-widget_type=\"heading.default\">\n\t\t\t\t<div class=\"elementor-widget-container\">\n\t\t\t\t\t<div class=\"elementor-heading-title elementor-size-default\">La aplicaci\u00f3n de reservas para profesionales<\/div>\t\t\t\t<\/div>\n\t\t\t\t<\/div>\n\t\t\t\t<\/div>\n\t\t\t\t<\/a>\n\t\t\t\t<\/div>\n\t\t\t\t<\/div>\n\t\t\t\t<\/div>\n\t\t\t\t<\/div>\n\t\t","protected":false},"excerpt":{"rendered":"<p>Noticias Descubre nuestras novedades gastron\u00f3micas Gu\u00eda Gastron\u00f3mica Buenos lugares para comer: restaurantes, vinotecas, vi\u00f1edos\u2026 Club Aprovecha las ofertas por tiempo limitado de nuestros productores. Suscripci\u00f3n Suscr\u00edbete a la revista Invierno de 2025 Diciembre de 2025 \u2013 marzo de 2026 Reserva La aplicaci\u00f3n de reservas para profesionales<\/p>\n","protected":false},"author":7,"featured_media":0,"parent":0,"menu_order":0,"comment_status":"closed","ping_status":"closed","template":"","meta":{"_acf_changed":false,"footnotes":"","beyondwords_generate_audio":"","beyondwords_integration_method":"","beyondwords_project_id":"","beyondwords_content_id":"","beyondwords_preview_token":"","beyondwords_player_content":"","beyondwords_player_style":"","beyondwords_language_code":"","beyondwords_language_id":"","beyondwords_title_voice_id":"","beyondwords_body_voice_id":"","beyondwords_summary_voice_id":"","beyondwords_error_message":"","beyondwords_disabled":"","beyondwords_delete_content":"","beyondwords_podcast_id":"","beyondwords_hash":"","publish_post_to_speechkit":"","speechkit_hash":"","speechkit_generate_audio":"","speechkit_project_id":"","speechkit_podcast_id":"","speechkit_error_message":"","speechkit_disabled":"","speechkit_access_key":"","speechkit_error":"","speechkit_info":"","speechkit_response":"","speechkit_retries":"","speechkit_status":"","speechkit_updated_at":"","_speechkit_link":"","_speechkit_text":""},"class_list":["post-184181","page","type-page","status-publish","hentry"],"acf":[],"_links":{"self":[{"href":"https:\/\/foodandgood.fr\/es\/wp-json\/wp\/v2\/pages\/184181","targetHints":{"allow":["GET"]}}],"collection":[{"href":"https:\/\/foodandgood.fr\/es\/wp-json\/wp\/v2\/pages"}],"about":[{"href":"https:\/\/foodandgood.fr\/es\/wp-json\/wp\/v2\/types\/page"}],"author":[{"embeddable":true,"href":"https:\/\/foodandgood.fr\/es\/wp-json\/wp\/v2\/users\/7"}],"replies":[{"embeddable":true,"href":"https:\/\/foodandgood.fr\/es\/wp-json\/wp\/v2\/comments?post=184181"}],"version-history":[{"count":2,"href":"https:\/\/foodandgood.fr\/es\/wp-json\/wp\/v2\/pages\/184181\/revisions"}],"predecessor-version":[{"id":189090,"href":"https:\/\/foodandgood.fr\/es\/wp-json\/wp\/v2\/pages\/184181\/revisions\/189090"}],"wp:attachment":[{"href":"https:\/\/foodandgood.fr\/es\/wp-json\/wp\/v2\/media?parent=184181"}],"curies":[{"name":"wp","href":"https:\/\/api.w.org\/{rel}","templated":true}]}}