 {"id":146097,"date":"2024-12-11T07:51:58","date_gmt":"2024-12-11T06:51:58","guid":{"rendered":"https:\/\/foodandgood.fr\/quioscos\/"},"modified":"2025-03-27T10:46:24","modified_gmt":"2025-03-27T09:46:24","slug":"quioscos","status":"publish","type":"page","link":"https:\/\/foodandgood.fr\/es\/quioscos\/","title":{"rendered":"Quioscos"},"content":{"rendered":"\t\t<div data-elementor-type=\"wp-page\" data-elementor-id=\"146097\" class=\"elementor elementor-146097 elementor-127939\" data-elementor-post-type=\"page\">\n\t\t\t\t<div class=\"elementor-element elementor-element-22c088e e-flex e-con-boxed e-con e-parent\" data-id=\"22c088e\" data-element_type=\"container\" data-e-type=\"container\" data-settings='{\"background_background\":\"classic\"}'>\n\t\t\t\t\t<div class=\"e-con-inner\">\n\t\t<div class=\"elementor-element elementor-element-ab1dff1 e-con-full e-flex e-con e-child\" data-id=\"ab1dff1\" data-element_type=\"container\" data-e-type=\"container\" data-settings='{\"background_background\":\"classic\"}'>\n\t\t\t\t<div class=\"elementor-element elementor-element-64aa721 elementor-widget elementor-widget-heading\" data-id=\"64aa721\" data-element_type=\"widget\" data-e-type=\"widget\" data-widget_type=\"heading.default\">\n\t\t\t\t<div class=\"elementor-widget-container\">\n\t\t\t\t\t<h1 class=\"elementor-heading-title elementor-size-default\">D\u00f3nde encontrar comida&amp;buen...<\/h1>\t\t\t\t<\/div>\n\t\t\t\t<\/div>\n\t\t\t\t<div class=\"elementor-element elementor-element-10089e3 elementor-widget elementor-widget-heading\" data-id=\"10089e3\" data-element_type=\"widget\" data-e-type=\"widget\" data-widget_type=\"heading.default\">\n\t\t\t\t<div class=\"elementor-widget-container\">\n\t\t\t\t\t<h2 class=\"elementor-heading-title elementor-size-default\">La revista food&amp;good est\u00e1 disponible en los quioscos de la regi\u00f3n del Gran Este y en las estaciones de TGV de todo el pa\u00eds.\nTambi\u00e9n est\u00e1 disponible en los quioscos de Luxemburgo, Suiza y B\u00e9lgica.<\/h2>\t\t\t\t<\/div>\n\t\t\t\t<\/div>\n\t\t\t\t<div class=\"elementor-element elementor-element-c09015e elementor-widget elementor-widget-text-editor\" data-id=\"c09015e\" data-element_type=\"widget\" data-e-type=\"widget\" data-widget_type=\"text-editor.default\">\n\t\t\t\t<div class=\"elementor-widget-container\">\n\t\t\t\t\t\t\t\t\t<h5 style=\"text-align: center;\">Introduce tu ciudad para encontrar el quiosco m\u00e1s cercano,<\/h5>\n<p>o reserva una suscripci\u00f3n (20 euros al a\u00f1o \u2013 4 n\u00fameros) para recibir food&amp;good en tu buz\u00f3n.<\/p>\n\t\t\t\t\t\t\t\t<\/div>\n\t\t\t\t<\/div>\n\t\t\t\t<div class=\"elementor-element elementor-element-5473e67 elementor-widget__width-inherit elementor-widget elementor-widget-map-foodandgood\" data-id=\"5473e67\" data-element_type=\"widget\" data-e-type=\"widget\" data-widget_type=\"map-foodandgood.default\">\n\t\t\t\t<div class=\"elementor-widget-container\">\n\t\t\t\t\t        <input id=\"address-search\" type=\"text\" placeholder=\"Introduce tu ciudad de residencia e inicia la b\u00fasqueda.\">\n\n        <div id=\"google-map\" style=\"width: 100%; height: 800px;\"><\/div>\n\n        \t\t\t\t<\/div>\n\t\t\t\t<\/div>\n\t\t\t\t<\/div>\n\t\t\t\t\t<\/div>\n\t\t\t\t<\/div>\n\t\t\t\t<\/div>\n\t\t","protected":false},"excerpt":{"rendered":"<p>D\u00f3nde encontrar comida&amp;buen\u2026 La revista food&amp;good est\u00e1 disponible en los quioscos de la regi\u00f3n del Gran Este y en las estaciones de TGV de todo el pa\u00eds. Tambi\u00e9n est\u00e1 disponible en los quioscos de Luxemburgo, Suiza y B\u00e9lgica. Introduce tu ciudad para encontrar el quiosco m\u00e1s cercano, o reserva una suscripci\u00f3n (20 euros al a\u00f1o [&hellip;]<\/p>\n","protected":false},"author":4,"featured_media":0,"parent":0,"menu_order":0,"comment_status":"closed","ping_status":"closed","template":"","meta":{"_acf_changed":false,"footnotes":"","beyondwords_generate_audio":"","beyondwords_integration_method":"","beyondwords_project_id":"","beyondwords_content_id":"","beyondwords_preview_token":"","beyondwords_player_content":"","beyondwords_player_style":"","beyondwords_language_code":"","beyondwords_language_id":"","beyondwords_title_voice_id":"","beyondwords_body_voice_id":"","beyondwords_summary_voice_id":"","beyondwords_error_message":"","beyondwords_disabled":"","beyondwords_delete_content":"","beyondwords_podcast_id":"","beyondwords_hash":"","publish_post_to_speechkit":"","speechkit_hash":"","speechkit_generate_audio":"","speechkit_project_id":"","speechkit_podcast_id":"","speechkit_error_message":"","speechkit_disabled":"","speechkit_access_key":"","speechkit_error":"","speechkit_info":"","speechkit_response":"","speechkit_retries":"","speechkit_status":"","speechkit_updated_at":"","_speechkit_link":"","_speechkit_text":""},"class_list":["post-146097","page","type-page","status-publish","hentry"],"acf":[],"_links":{"self":[{"href":"https:\/\/foodandgood.fr\/es\/wp-json\/wp\/v2\/pages\/146097","targetHints":{"allow":["GET"]}}],"collection":[{"href":"https:\/\/foodandgood.fr\/es\/wp-json\/wp\/v2\/pages"}],"about":[{"href":"https:\/\/foodandgood.fr\/es\/wp-json\/wp\/v2\/types\/page"}],"author":[{"embeddable":true,"href":"https:\/\/foodandgood.fr\/es\/wp-json\/wp\/v2\/users\/4"}],"replies":[{"embeddable":true,"href":"https:\/\/foodandgood.fr\/es\/wp-json\/wp\/v2\/comments?post=146097"}],"version-history":[{"count":1,"href":"https:\/\/foodandgood.fr\/es\/wp-json\/wp\/v2\/pages\/146097\/revisions"}],"predecessor-version":[{"id":146098,"href":"https:\/\/foodandgood.fr\/es\/wp-json\/wp\/v2\/pages\/146097\/revisions\/146098"}],"wp:attachment":[{"href":"https:\/\/foodandgood.fr\/es\/wp-json\/wp\/v2\/media?parent=146097"}],"curies":[{"name":"wp","href":"https:\/\/api.w.org\/{rel}","templated":true}]}}