 {"id":184782,"date":"2026-03-09T08:22:12","date_gmt":"2026-03-09T07:22:12","guid":{"rendered":"https:\/\/foodandgood.fr\/conditions-generales-dutilisation-2\/"},"modified":"2026-03-10T11:11:00","modified_gmt":"2026-03-10T10:11:00","slug":"terms-and-conditions-of-use","status":"publish","type":"page","link":"https:\/\/foodandgood.fr\/en\/terms-and-conditions-of-use\/","title":{"rendered":"Terms and Conditions of Use"},"content":{"rendered":"\t\t<div data-elementor-type=\"wp-page\" data-elementor-id=\"184782\" class=\"elementor elementor-184782 elementor-184612\" data-elementor-post-type=\"page\">\n\t\t\t\t<div class=\"elementor-element elementor-element-613dc2cf e-flex e-con-boxed e-con e-parent\" data-id=\"613dc2cf\" data-element_type=\"container\" data-e-type=\"container\">\n\t\t\t\t\t<div class=\"e-con-inner\">\n\t\t\t\t<div class=\"elementor-element elementor-element-3ec46ed elementor-widget elementor-widget-text-editor\" data-id=\"3ec46ed\" data-element_type=\"widget\" data-e-type=\"widget\" data-widget_type=\"text-editor.default\">\n\t\t\t\t<div class=\"elementor-widget-container\">\n\t\t\t\t\t\t\t\t\t<p><strong>Preamble<\/strong><\/p>\n<h3><strong>\nFood and Good SAS<br>\n<\/strong><\/h3>\n<p>\nSAS with capital of \u20ac10,000.00<br>\nRC Colmar \u2013 SIREN 921209391<br>\nRegistered office: 2, rue Lat\u00e9rale \u2013 68340 RIQUEWIHR \u2013 France<br>\n\nEmail: <a href=\"mailto:contact@foodandgood.fr\">contact@foodandgood.fr<\/a>\n,<\/p>\n<p>Company specializing in the press and software publishing sector.<\/p>\n<p>These general terms and conditions of use apply to all websites (hereinafter \"the Sites\"), mobile and tablet applications (hereinafter \"the Applications\") and\/or their localized versions, published by Food and Good SAS (or referred to as Food&amp;Good in the document).<\/p>\n<p>Users declare that they have obtained all necessary information from Food and Good SAS before accessing the services offered by the Sites and\/or Applications and unreservedly agree to these terms and conditions of use.<\/p>\n<p>As a result, these terms and conditions of use govern the relationship between Food and Good SAS and any user of the Sites and\/or Applications. These general terms and conditions of use apply from the first time the user connects to the Sites and\/or Applications, and the user agrees to be bound by the rights and obligations herein without reservation. If you do not agree to these general terms and conditions of use, you are not authorized to use the Sites and\/or Applications.<\/p>\n<p>Last update:<strong>\nJune 30, 2025<br>\n<\/strong><\/p>\n<h2>TERMS AND CONDITIONS OF USE<\/h2>\n<h3>1. Purpose<\/h3>\n<p>These Terms and Conditions of Use (TCU) define the rules for using the Food&amp;Good RESA platform, which allows users to reserve a table at a partner restaurant.<\/p>\n<h3>2. Service offered<\/h3>\n<p>\nThe platform allows users to<br>\n:- search for a<br>\nrestaurant \u2013 check<br>\navailability \u2013 reserve a table online<br>\n\u2013 modify or<br>\ncancel a reservation \u2013 leave a review after their visit.<\/p>\n<p>Food&amp;Good acts solely as a technical intermediary between the restaurant and the user.<\/p>\n<h3>3. Reservations<\/h3>\n<p>\nWhen making a reservation, the user must provide accurate<br>\ninformation:- last name \u2013 first<br>\nname- phone<br>\nnumber- valid<br>\nemail address- number of people-<br>\ndietary preferences and allergens<\/p>\n<p>\nThe restaurant may refuse or cancel a reservation in particular in the event<br>\nof:-<br>\nincorrect information \u2013<br>\nabuse of reservations \u2013 failure to comply with the restaurant's<br>\nterms and conditions \u2013 dietary preferences and allergens that cannot be met<\/p>\n<h3>4. Cancellation or modification<\/h3>\n<p>\nUsers may cancel or modify their reservations via<br>\n:- the link received by email<br>\n\u2013 the reservation<br>\narea \u2013 by telephone with the restaurant<br>\nCancellation deadlines may vary depending on the restaurant.<\/p>\n<h3>5. No-show<\/h3>\n<p>\nIf the user does not show up for their reservation without prior cancellation, the restaurant may apply<br>\n:- cancellation<br>\nfees \u2013 a charge to the user's<br>\ncredit card \u2013 refusal of future reservations.<\/p>\n<h3>6. Payment or prepayment<\/h3>\n<p>\nSome restaurants may request<br>\n:- a credit<br>\ncard imprint \u2013 a<br>\ndeposit valid until the reservation date \u2013<br>\nprepayment \u2013 a down payment.<br>\nThese payments are processed by secure service providers.<\/p>\n<h3>7. Reviews and comments<\/h3>\n<p>\nUsers may post reviews after their visit.<br>\nThey agree to post content<br>\nthat is:-<br>\nsincere \u2013 respectful<br>\n\u2013 non-defamatory.<\/p>\n<p>Food&amp;Good reserves the right to remove any inappropriate content.<\/p>\n<h3>8. Liability<\/h3>\n<p>Food&amp;Good acts solely as a technical intermediary.<\/p>\n<p>\nThe company is not responsible<br>\nfor:- the quality of the<br>\nrestaurant's service \u2013 the prices<br>\ncharged \u2013 changes or cancellations made by the restaurant<\/p>\n<h3>9. Personal data<\/h3>\n<p>\nPersonal data is used to<br>\n:- manage reservations<br>\n\u2013 send confirmations<br>\n\u2013 improve the service<br>\n\u2013 provide information about the<br>\nestablishment's services \u2013 send reasonable commercial information about the establishment or Food&amp;Good via email.<\/p>\n<p>\nUsers have the right<br>\nto:- access<br>\n\u2013<br>\nrectify \u2013 delete<\/p>\n<h3>10. Privacy Policy<\/h3>\n<p><span style=\"text-decoration: underline\"><strong>10.a Security<\/strong><\/span><br>\nFood&amp;Good implements technical and organizational measures to protect personal data.<\/p>\n<p><strong><span style=\"text-decoration: underline\">10.b Cookies<\/span><\/strong><\/p>\n<p>\nThe platform uses cookies for<br>\n:- the functioning of the site<br>\n\u2013<br>\nstatistics \u2013 improving the user experience.<\/p>\n<p>Users can manage their cookie preferences via their browser.<\/p>\n<h3>11. Applicable law<\/h3>\n<p>\nUse of the Food&amp;Good RESA service implies acceptance of the above terms and conditions of use.<br>\nThese terms and conditions are governed by French law.<br>\nIn the event of a dispute, the parties will attempt to find an amicable solution before any legal proceedings.<br>\nIf no agreement can be reached, the competent courts will be those of the jurisdiction of the registered office of Food&amp;Good SAS at the time the dispute arises.<\/p>\n<h2>NO-SHOW POLICY \u2013 BANK IMPRINT \u2013 CANCELLATION<\/h2>\n<p>These terms and conditions may be displayed at the time of booking.<\/p>\n<h3>1 \u2013 Reservation policy<\/h3>\n<p>\nIn order to guarantee table availability and avoid no-shows, certain reservations may require<br>\n:- a<br>\ncredit card imprint \u2013 a deposit valid until<br>\nthe date of the<br>\nreservation \u2013 prepayment \u2013 a down payment<\/p>\n<h3>2 \u2013 Credit card imprint<\/h3>\n<p>A credit card imprint may be requested at the time of booking.<\/p>\n<p>\nThis allows the restaurant to charge fees in the event<br>\nof:- late<br>\ncancellation \u2013 no-show<\/p>\n<h3>3 \u2013 Cancellation<\/h3>\n<p>\nReservations can be canceled free of charge up to a certain time specified at the time of booking.<br>\nAfter this time, fees may apply.<\/p>\n<h3>4 \u2013 No-show<\/h3>\n<p>\nIn the event of a no-show without prior cancellation<br>\n:- the restaurant may charge a fee per person reserved<br>\n.- The amount is indicated at the time of booking<\/p>\n<h3>5 \u2013 Payments<\/h3>\n<p>\nPayments are processed via secure service providers. Bank<br>\ndetails are not stored by Food&amp;Good RESA.<\/p>\n<h3>6 \u2013 Acceptance<\/h3>\n<p>\nBy confirming the reservation, the user accepts<br>\n:- the cancellation<br>\npolicy \u2013 the anti-no-show policy \u2013<br>\nany applicable fees<\/p>\n<h3>7 \u2013 Applicable law and disputes<\/h3>\n<p>\nThese terms and conditions are governed by French law.<br>\nIn the event of a dispute, the parties will attempt to find an amicable solution before any legal proceedings.<br>\nIf no agreement can be reached, the competent courts will be those of the jurisdiction of the registered office of Food&amp;Good SAS at the time the dispute arises.<\/p>\n<h2>REVIEW MODERATION POLICY<\/h2>\n<h3>1. Objective<\/h3>\n<p>\nFood&amp;Good wishes to guarantee authentic and useful reviews for users.<br>\nOnly people who have made a reservation may post a review.<\/p>\n<h3>2. Publication rules<\/h3>\n<p>\nReviews must<br>\n:- be based on a real<br>\nexperience \u2013 be respectful<br>\n\u2013 not contain<br>\ninsults or defamatory comments \u2013 not contain advertising<\/p>\n<h3>3. Moderation<\/h3>\n<p>\nFood&amp;Good may<br>\n:- delete a review-<br>\nsuspend an account-<br>\nblock a user<\/p>\n<p>\nif the review<br>\n:- is false-<br>\nis abusive-<br>\nis fraudulent<\/p>\n<h3>4. Restaurant's right of reply<\/h3>\n<p>Restaurants may respond publicly to reviews.<\/p>\n<h3>5. Combating reservation abuse<\/h3>\n<p>In order to prevent abuse, Food&amp;Good may:<\/p>\n<p>\n\u2013 limit simultaneous reservations<br>\n\u2013 suspend a user account<br>\n\u2013 block users with multiple no-shows<\/p>\n<h3>6. Sanctions<\/h3>\n<p>\nIn the event of repeated abuse, Food&amp;Good may<br>\n:-<br>\ndelete the user account \u2013 prevent access to the platform<\/p>\n<h3>7. Applicable law and disputes<\/h3>\n<p>\nThese terms and conditions are governed by French law.<br>\nIn the event of a dispute, the parties will attempt to find an amicable solution before any legal proceedings.<br>\nIf no agreement can be reached, the competent courts will be those of the jurisdiction of the registered office of Food&amp;Good SAS at the time the dispute arises.<\/p>\n<p><strong>\u00a9 2025 Food and Good SAS. All rights reserved.<\/strong><\/p>\n\t\t\t\t\t\t\t\t<\/div>\n\t\t\t\t<\/div>\n\t\t\t\t\t<\/div>\n\t\t\t\t<\/div>\n\t\t\t\t<\/div>\n\t\t","protected":false},"excerpt":{"rendered":"<p>Pr\u00e9ambule Food and Good SAS SAS au capital de 10 000,00 \u20acRC Colmar \u2013 SIREN 921209391Si\u00e8ge social : 2, rue Lat\u00e9rale \u2013 68340 RIQUEWIHR \u2013 FranceEmail :\u00a0contact@foodandgood.fr, Soci\u00e9t\u00e9 sp\u00e9cialis\u00e9e dans le secteur des activit\u00e9s de presse et de l\u2019\u00e9dition logicielle. . Les pr\u00e9sentes conditions g\u00e9n\u00e9rales d\u2019utilisation s\u2019appliquent \u00e0 l\u2019ensemble des sites web (ci-apr\u00e8s \u00ab les [&hellip;]<\/p>\n","protected":false},"author":4,"featured_media":0,"parent":0,"menu_order":0,"comment_status":"closed","ping_status":"closed","template":"","meta":{"_acf_changed":false,"footnotes":"","beyondwords_generate_audio":"","beyondwords_integration_method":"","beyondwords_project_id":"","beyondwords_content_id":"","beyondwords_preview_token":"","beyondwords_player_content":"","beyondwords_player_style":"","beyondwords_language_code":"","beyondwords_language_id":"","beyondwords_title_voice_id":"","beyondwords_body_voice_id":"","beyondwords_summary_voice_id":"","beyondwords_error_message":"","beyondwords_disabled":"","beyondwords_delete_content":"","beyondwords_podcast_id":"","beyondwords_hash":"","publish_post_to_speechkit":"","speechkit_hash":"","speechkit_generate_audio":"","speechkit_project_id":"","speechkit_podcast_id":"","speechkit_error_message":"","speechkit_disabled":"","speechkit_access_key":"","speechkit_error":"","speechkit_info":"","speechkit_response":"","speechkit_retries":"","speechkit_status":"","speechkit_updated_at":"","_speechkit_link":"","_speechkit_text":""},"class_list":["post-184782","page","type-page","status-publish","hentry"],"acf":[],"_links":{"self":[{"href":"https:\/\/foodandgood.fr\/en\/wp-json\/wp\/v2\/pages\/184782","targetHints":{"allow":["GET"]}}],"collection":[{"href":"https:\/\/foodandgood.fr\/en\/wp-json\/wp\/v2\/pages"}],"about":[{"href":"https:\/\/foodandgood.fr\/en\/wp-json\/wp\/v2\/types\/page"}],"author":[{"embeddable":true,"href":"https:\/\/foodandgood.fr\/en\/wp-json\/wp\/v2\/users\/4"}],"replies":[{"embeddable":true,"href":"https:\/\/foodandgood.fr\/en\/wp-json\/wp\/v2\/comments?post=184782"}],"version-history":[{"count":1,"href":"https:\/\/foodandgood.fr\/en\/wp-json\/wp\/v2\/pages\/184782\/revisions"}],"predecessor-version":[{"id":184783,"href":"https:\/\/foodandgood.fr\/en\/wp-json\/wp\/v2\/pages\/184782\/revisions\/184783"}],"wp:attachment":[{"href":"https:\/\/foodandgood.fr\/en\/wp-json\/wp\/v2\/media?parent=184782"}],"curies":[{"name":"wp","href":"https:\/\/api.w.org\/{rel}","templated":true}]}}