 {"id":184759,"date":"2026-03-09T08:30:15","date_gmt":"2026-03-09T07:30:15","guid":{"rendered":"https:\/\/foodandgood.fr\/politique-de-moderation-des-avis-2\/"},"modified":"2026-03-09T10:41:13","modified_gmt":"2026-03-09T09:41:13","slug":"review-moderation-policy","status":"publish","type":"page","link":"https:\/\/foodandgood.fr\/en\/review-moderation-policy\/","title":{"rendered":"Review moderation policy"},"content":{"rendered":"\t\t<div data-elementor-type=\"wp-page\" data-elementor-id=\"184759\" class=\"elementor elementor-184759 elementor-184628\" data-elementor-post-type=\"page\">\n\t\t\t\t<div class=\"elementor-element elementor-element-e7445df e-flex e-con-boxed e-con e-parent\" data-id=\"e7445df\" data-element_type=\"container\" data-e-type=\"container\">\n\t\t\t\t\t<div class=\"e-con-inner\">\n\t\t\t\t<div class=\"elementor-element elementor-element-b2b9128 elementor-widget elementor-widget-text-editor\" data-id=\"b2b9128\" data-element_type=\"widget\" data-e-type=\"widget\" data-widget_type=\"text-editor.default\">\n\t\t\t\t<div class=\"elementor-widget-container\">\n\t\t\t\t\t\t\t\t\t<h3>1. Objective<\/h3>\n<p>\nFood&amp;Good wants to guarantee authentic and useful reviews for users.<br>\nOnly people who have made a reservation can post a review.<\/p>\n<h3>2. Publication rules<\/h3>\n<p>\nReviews must<br>\n:- be based on a real<br>\nexperience \u2013 be<br>\nrespectful \u2013 not contain<br>\ninsults or defamatory comments \u2013 not contain advertising.<\/p>\n<h3>3. Moderation<\/h3>\n<p>\nFood&amp;Good may<br>\n:- delete a review-<br>\nsuspend an account-<br>\nblock a user<\/p>\n<p>\nif the review<br>\n:- is false-<br>\nis abusive-<br>\nis fraudulent.<\/p>\n<h3>4. Restaurant's right of reply<\/h3>\n<p>Restaurants may respond publicly to reviews.<\/p>\n<h3>5. Combating reservation abuse<\/h3>\n<p>In order to prevent abuse, Food&amp;Good may:<\/p>\n<p>\n\u2013 limit simultaneous reservations<br>\n\u2013 suspend a user<br>\naccount \u2013 block users with multiple no-shows.<\/p>\n<h3>6. Sanctions<\/h3>\n<p>\nIn the event of repeated abuse, Food&amp;Good may<br>\n:-<br>\ndelete the user account \u2013 prevent access to the platform.<\/p>\n<h3>7. Applicable law and disputes<\/h3>\n<p>\nThese terms and conditions are governed by French law.<br>\nIn the event of a dispute, the parties will attempt to find an amicable solution before any legal proceedings.<br>\nIf no agreement can be reached, the competent courts will be those of the jurisdiction of the registered office of Food&amp;Good SAS at the time the dispute arises.<\/p>\n\t\t\t\t\t\t\t\t<\/div>\n\t\t\t\t<\/div>\n\t\t\t\t\t<\/div>\n\t\t\t\t<\/div>\n\t\t\t\t<\/div>\n\t\t","protected":false},"excerpt":{"rendered":"<p>1. Objectif Food&amp;Good souhaite garantir des avis authentiques et utiles pour les utilisateurs.Seules les personnes ayant effectu\u00e9 une r\u00e9servation peuvent publier un avis. 2. R\u00e8gles de publication Les avis doivent :\u2013 \u00eatre bas\u00e9s sur une exp\u00e9rience r\u00e9elle\u2013 rester respectueux\u2013 ne pas contenir d\u2019insultes ou propos diffamatoires\u2013 ne pas contenir de publicit\u00e9. 3. Mod\u00e9ration Food&amp;Good peut [&hellip;]<\/p>\n","protected":false},"author":4,"featured_media":0,"parent":0,"menu_order":0,"comment_status":"closed","ping_status":"closed","template":"","meta":{"_acf_changed":false,"footnotes":"","beyondwords_generate_audio":"","beyondwords_integration_method":"","beyondwords_project_id":"","beyondwords_content_id":"","beyondwords_preview_token":"","beyondwords_player_content":"","beyondwords_player_style":"","beyondwords_language_code":"","beyondwords_language_id":"","beyondwords_title_voice_id":"","beyondwords_body_voice_id":"","beyondwords_summary_voice_id":"","beyondwords_error_message":"","beyondwords_disabled":"","beyondwords_delete_content":"","beyondwords_podcast_id":"","beyondwords_hash":"","publish_post_to_speechkit":"","speechkit_hash":"","speechkit_generate_audio":"","speechkit_project_id":"","speechkit_podcast_id":"","speechkit_error_message":"","speechkit_disabled":"","speechkit_access_key":"","speechkit_error":"","speechkit_info":"","speechkit_response":"","speechkit_retries":"","speechkit_status":"","speechkit_updated_at":"","_speechkit_link":"","_speechkit_text":""},"class_list":["post-184759","page","type-page","status-publish","hentry"],"acf":[],"_links":{"self":[{"href":"https:\/\/foodandgood.fr\/en\/wp-json\/wp\/v2\/pages\/184759","targetHints":{"allow":["GET"]}}],"collection":[{"href":"https:\/\/foodandgood.fr\/en\/wp-json\/wp\/v2\/pages"}],"about":[{"href":"https:\/\/foodandgood.fr\/en\/wp-json\/wp\/v2\/types\/page"}],"author":[{"embeddable":true,"href":"https:\/\/foodandgood.fr\/en\/wp-json\/wp\/v2\/users\/4"}],"replies":[{"embeddable":true,"href":"https:\/\/foodandgood.fr\/en\/wp-json\/wp\/v2\/comments?post=184759"}],"version-history":[{"count":1,"href":"https:\/\/foodandgood.fr\/en\/wp-json\/wp\/v2\/pages\/184759\/revisions"}],"predecessor-version":[{"id":184760,"href":"https:\/\/foodandgood.fr\/en\/wp-json\/wp\/v2\/pages\/184759\/revisions\/184760"}],"wp:attachment":[{"href":"https:\/\/foodandgood.fr\/en\/wp-json\/wp\/v2\/media?parent=184759"}],"curies":[{"name":"wp","href":"https:\/\/api.w.org\/{rel}","templated":true}]}}