 {"id":181507,"date":"2025-12-24T19:18:07","date_gmt":"2025-12-24T18:18:07","guid":{"rendered":"https:\/\/foodandgood.fr\/?post_type=product&#038;p=181507"},"modified":"2026-01-05T11:32:19","modified_gmt":"2026-01-05T10:32:19","slug":"foodampgood-hiver-2024","status":"publish","type":"product","link":"https:\/\/foodandgood.fr\/de\/produit\/foodampgood-hiver-2024\/","title":{"rendered":"food&amp;good HIVER 2024"},"content":{"rendered":"","protected":false},"excerpt":{"rendered":"<p>D\u00e9couvrez notre dossier th\u00e9matique :<br \/>\nMarch\u00e9s de No\u00ebl en Alsace et For\u00eat Noire<br \/>\nLes plus beaux march\u00e9s de No\u00ebl<br \/>\nConseils &amp; astuces pour r\u00e9ussir votre s\u00e9jour<br \/>\nLes recettes de f\u00eates comme en Alsace<br \/>\nVotre repas de f\u00eates alsacien en 3 actes<br \/>\nAccords mets &amp; vins<br \/>\nNos belles adresses culinaires et shopping en Alsace<br \/>\nNos coups de coeurs et nos d\u00e9couvertes \u00e0 savourer<\/p>\n","protected":false},"featured_media":124922,"template":"","meta":{"_acf_changed":false,"footnotes":"","beyondwords_generate_audio":"","beyondwords_integration_method":"","beyondwords_project_id":"","beyondwords_content_id":"","beyondwords_preview_token":"","beyondwords_player_content":"","beyondwords_player_style":"","beyondwords_language_code":"","beyondwords_language_id":"","beyondwords_title_voice_id":"","beyondwords_body_voice_id":"","beyondwords_summary_voice_id":"","beyondwords_error_message":"","beyondwords_disabled":"","beyondwords_delete_content":"","beyondwords_podcast_id":"","beyondwords_hash":"","publish_post_to_speechkit":"","speechkit_hash":"","speechkit_generate_audio":"","speechkit_project_id":"","speechkit_podcast_id":"","speechkit_error_message":"","speechkit_disabled":"","speechkit_access_key":"","speechkit_error":"","speechkit_info":"","speechkit_response":"","speechkit_retries":"","speechkit_status":"","speechkit_updated_at":"","_speechkit_link":"","_speechkit_text":""},"product_cat":[1454],"class_list":{"0":"post-181507","1":"product","2":"type-product","3":"status-publish","4":"has-post-thumbnail","6":"product_cat-magazines","8":"first","9":"instock","10":"taxable","11":"shipping-taxable","12":"purchasable","13":"product-type-simple"},"acf":[],"_links":{"self":[{"href":"https:\/\/foodandgood.fr\/de\/wp-json\/wp\/v2\/product\/181507","targetHints":{"allow":["GET"]}}],"collection":[{"href":"https:\/\/foodandgood.fr\/de\/wp-json\/wp\/v2\/product"}],"about":[{"href":"https:\/\/foodandgood.fr\/de\/wp-json\/wp\/v2\/types\/product"}],"version-history":[{"count":8,"href":"https:\/\/foodandgood.fr\/de\/wp-json\/wp\/v2\/product\/181507\/revisions"}],"predecessor-version":[{"id":181729,"href":"https:\/\/foodandgood.fr\/de\/wp-json\/wp\/v2\/product\/181507\/revisions\/181729"}],"wp:featuredmedia":[{"embeddable":true,"href":"https:\/\/foodandgood.fr\/de\/wp-json\/wp\/v2\/media\/124922"}],"wp:attachment":[{"href":"https:\/\/foodandgood.fr\/de\/wp-json\/wp\/v2\/media?parent=181507"}],"wp:term":[{"taxonomy":"product_cat","embeddable":true,"href":"https:\/\/foodandgood.fr\/de\/wp-json\/wp\/v2\/product_cat?post=181507"}],"curies":[{"name":"wp","href":"https:\/\/api.w.org\/{rel}","templated":true}]}}