 {"id":185445,"date":"2026-03-10T23:47:16","date_gmt":"2026-03-10T22:47:16","guid":{"rendered":"https:\/\/foodandgood.fr\/jobs-2\/"},"modified":"2026-03-12T09:10:14","modified_gmt":"2026-03-12T08:10:14","slug":"stellenangebote","status":"publish","type":"page","link":"https:\/\/foodandgood.fr\/de\/stellenangebote\/","title":{"rendered":"Stellenangebote"},"content":{"rendered":"\t\t<div data-elementor-type=\"wp-page\" data-elementor-id=\"185445\" class=\"elementor elementor-185445 elementor-184976\" data-elementor-post-type=\"page\">\n\t\t\t\t<div class=\"elementor-element elementor-element-7519efc e-flex e-con-boxed e-con e-parent\" data-id=\"7519efc\" data-element_type=\"container\" data-e-type=\"container\" data-settings='{\"background_background\":\"classic\"}'>\n\t\t\t\t\t<div class=\"e-con-inner\">\n\t\t\t\t<div class=\"elementor-element elementor-element-db9c16e elementor-widget elementor-widget-heading\" data-id=\"db9c16e\" data-element_type=\"widget\" data-e-type=\"widget\" data-widget_type=\"heading.default\">\n\t\t\t\t<div class=\"elementor-widget-container\">\n\t\t\t\t\t<h1 class=\"elementor-heading-title elementor-size-default\">food&amp;good; Jobs<\/h1>\t\t\t\t<\/div>\n\t\t\t\t<\/div>\n\t\t\t\t<div class=\"elementor-element elementor-element-b341fb9 elementor-widget elementor-widget-heading\" data-id=\"b341fb9\" data-element_type=\"widget\" data-e-type=\"widget\" data-widget_type=\"heading.default\">\n\t\t\t\t<div class=\"elementor-widget-container\">\n\t\t\t\t\t<h2 class=\"elementor-heading-title elementor-size-default\">Stellenangebote im Hotel- und Gastst\u00e4ttengewerbe<\/h2>\t\t\t\t<\/div>\n\t\t\t\t<\/div>\n\t\t\t\t<div class=\"elementor-element elementor-element-723e2e7 elementor-widget elementor-widget-foodandgood-jobs-archive-map\" data-id=\"723e2e7\" data-element_type=\"widget\" data-e-type=\"widget\" data-widget_type=\"foodandgood-jobs-archive-map.default\">\n\t\t\t\t<div class=\"elementor-widget-container\">\n\t\t\t\t\t\n<div class=\"foodandgood-jobs-archive-map-layout\">\n    <div class=\"foodandgood-jobs-archive-search\">\n        <div class=\"foodandgood-jobs-city-field\" id=\"foodandgood-jobs-city-field\">\n            <div id=\"foodandgood-jobs-city-autocomplete\" class=\"foodandgood-jobs-city-autocomplete\"><\/div>\n            <input id=\"foodandgood-jobs-city-input\" type=\"text\" value=\"\" placeholder=\"Suche nach Stadt...\">\n        <\/div>\n\n        <select id=\"foodandgood-jobs-contract-filter\">\n            <option value=\"\">Alle Vertragsarten<\/option>\n                            <option value=\"cdi\">CDI (Contrat Dur\u00e9e Ind\u00e9termin\u00e9e)<\/option>\n                    <\/select>\n\n        <select id=\"foodandgood-jobs-category-filter\">\n            <option value=\"\">Alle Kategorien<\/option>\n                            <option value=\"Cuisine \/ Chef(fe) de partie\">Cuisine \/ Chef(fe) de partie<\/option>\n                            <option value=\"Hotel \/ Femme - Valet de chambre\">Hotel \/ Femme - Valet de chambre<\/option>\n                            <option value=\"Salle \/ Serveur \/ Serveuse\">Salle \/ Serveur \/ Serveuse<\/option>\n                            <option value=\"Cuisine \/ Autre poste\">Cuisine \/ Autre poste<\/option>\n                            <option value=\"Cuisine \/ Chef(fe) de cuisine\">Cuisine \/ Chef(fe) de cuisine<\/option>\n                    <\/select>\n    <\/div>\n\n    <div class=\"foodandgood-jobs-archive-body\">\n        <div class=\"foodandgood-jobs-archive-map-wrap\">\n            <div id=\"foodandgood-jobs-map\"><\/div>\n        <\/div>\n\n        <div class=\"foodandgood-jobs-archive-results-wrap\">\n            <div id=\"foodandgood-jobs-results\" class=\"foodandgood-jobs-archive-results-list\">\n                <div class=\"foodandgood-jobs-empty\">Jobs werden geladen...<\/div>\n            <\/div>\n        <\/div>\n    <\/div>\n<\/div>\n\t\t\t\t<\/div>\n\t\t\t\t<\/div>\n\t\t\t\t\t<\/div>\n\t\t\t\t<\/div>\n\t\t<div class=\"elementor-element elementor-element-70a684a e-flex e-con-boxed e-con e-parent\" data-id=\"70a684a\" data-element_type=\"container\" data-e-type=\"container\" data-settings='{\"background_background\":\"classic\"}'>\n\t\t\t\t\t<div class=\"e-con-inner\">\n\t\t\t\t<div class=\"elementor-element elementor-element-f69ba3d elementor-widget elementor-widget-heading\" data-id=\"f69ba3d\" data-element_type=\"widget\" data-e-type=\"widget\" data-widget_type=\"heading.default\">\n\t\t\t\t<div class=\"elementor-widget-container\">\n\t\t\t\t\t<div class=\"elementor-heading-title elementor-size-default\">Eine einzige Plattform f\u00fcr Ihre Stellenangebote<\/div>\t\t\t\t<\/div>\n\t\t\t\t<\/div>\n\t\t\t\t<div class=\"elementor-element elementor-element-ab4b455 elementor-widget elementor-widget-heading\" data-id=\"ab4b455\" data-element_type=\"widget\" data-e-type=\"widget\" data-widget_type=\"heading.default\">\n\t\t\t\t<div class=\"elementor-widget-container\">\n\t\t\t\t\t<h2 class=\"elementor-heading-title elementor-size-default\">Die europ\u00e4ische Rekrutierungsplattform f\u00fcr Berufe im Hotel- und Gastst\u00e4ttengewerbe.<\/h2>\t\t\t\t<\/div>\n\t\t\t\t<\/div>\n\t\t\t\t<div class=\"elementor-element elementor-element-ab8497c elementor-widget elementor-widget-heading\" data-id=\"ab8497c\" data-element_type=\"widget\" data-e-type=\"widget\" data-widget_type=\"heading.default\">\n\t\t\t\t<div class=\"elementor-widget-container\">\n\t\t\t\t\t<h4 class=\"elementor-heading-title elementor-size-default\">Eine moderne und dynamische Pr\u00e4sentation Ihres Unternehmens oder Ihrer Angebote: Eine Mini-Website, Bilder oder ein Video heben Ihre Stellenangebote hervor.<\/h4>\t\t\t\t<\/div>\n\t\t\t\t<\/div>\n\t\t\t\t\t<\/div>\n\t\t\t\t<\/div>\n\t\t<div class=\"elementor-element elementor-element-7264091 e-flex e-con-boxed e-con e-parent\" data-id=\"7264091\" data-element_type=\"container\" data-e-type=\"container\" data-settings='{\"background_background\":\"classic\"}'>\n\t\t\t\t\t<div class=\"e-con-inner\">\n\t\t<div class=\"elementor-element elementor-element-cd61358 e-con-full e-flex e-con e-child\" data-id=\"cd61358\" data-element_type=\"container\" data-e-type=\"container\">\n\t\t\t\t<div class=\"elementor-element elementor-element-50353f3 elementor-widget elementor-widget-heading\" data-id=\"50353f3\" data-element_type=\"widget\" data-e-type=\"widget\" data-widget_type=\"heading.default\">\n\t\t\t\t<div class=\"elementor-widget-container\">\n\t\t\t\t\t<h3 class=\"elementor-heading-title elementor-size-default\">F\u00fcr Bewerber<\/h3>\t\t\t\t<\/div>\n\t\t\t\t<\/div>\n\t\t\t\t<div class=\"elementor-element elementor-element-f691b50 elementor-widget elementor-widget-heading\" data-id=\"f691b50\" data-element_type=\"widget\" data-e-type=\"widget\" data-widget_type=\"heading.default\">\n\t\t\t\t<div class=\"elementor-widget-container\">\n\t\t\t\t\t<div class=\"elementor-heading-title elementor-size-default\">Die Kandidaten verf\u00fcgen \u00fcber einen privaten, gesicherten Bereich.<\/div>\t\t\t\t<\/div>\n\t\t\t\t<\/div>\n\t\t\t\t<div class=\"elementor-element elementor-element-096e02b elementor-widget elementor-widget-text-editor\" data-id=\"096e02b\" data-element_type=\"widget\" data-e-type=\"widget\" data-widget_type=\"text-editor.default\">\n\t\t\t\t<div class=\"elementor-widget-container\">\n\t\t\t\t\t\t\t\t\t<ul>\n<li>vollst\u00e4ndige Darstellung des Werdegangs<\/li>\n<li>detaillierte berufliche Informationen,<\/li>\n<li>Fotos und Pr\u00e4sentationsvideo,<\/li>\n<li>Auswahl der Sichtbarkeit (vertrauliches Profil, das ohne Ihre Zustimmung f\u00fcr Personalvermittler nicht sichtbar ist),<\/li>\n<li>vereinfachter Zugang zu Stellenangeboten, die ihrem Profil und ihrem Standort entsprechen.<\/li>\n<li>\u00dcbersetzung in 5 Sprachen<\/li>\n<\/ul>\n\t\t\t\t\t\t\t\t<\/div>\n\t\t\t\t<\/div>\n\t\t\t\t<div class=\"elementor-element elementor-element-9c8f89e elementor-widget elementor-widget-heading\" data-id=\"9c8f89e\" data-element_type=\"widget\" data-e-type=\"widget\" data-widget_type=\"heading.default\">\n\t\t\t\t<div class=\"elementor-widget-container\">\n\t\t\t\t\t<h4 class=\"elementor-heading-title elementor-size-default\">Ihr Profil ist kostenlos, zug\u00e4nglich und vertraulich!<\/h4>\t\t\t\t<\/div>\n\t\t\t\t<\/div>\n\t\t\t\t<\/div>\n\t\t<div class=\"elementor-element elementor-element-ed8ea09 e-con-full e-flex e-con e-child\" data-id=\"ed8ea09\" data-element_type=\"container\" data-e-type=\"container\">\n\t\t\t\t<div class=\"elementor-element elementor-element-4323c52 elementor-widget elementor-widget-heading\" data-id=\"4323c52\" data-element_type=\"widget\" data-e-type=\"widget\" data-widget_type=\"heading.default\">\n\t\t\t\t<div class=\"elementor-widget-container\">\n\t\t\t\t\t<h3 class=\"elementor-heading-title elementor-size-default\">F\u00fcr Einrichtungen<\/h3>\t\t\t\t<\/div>\n\t\t\t\t<\/div>\n\t\t\t\t<div class=\"elementor-element elementor-element-8f84608 elementor-widget elementor-widget-heading\" data-id=\"8f84608\" data-element_type=\"widget\" data-e-type=\"widget\" data-widget_type=\"heading.default\">\n\t\t\t\t<div class=\"elementor-widget-container\">\n\t\t\t\t\t<div class=\"elementor-heading-title elementor-size-default\">Finden Sie qualifizierte Bewerber, die nachhaltig zum Erfolg Ihrer Einrichtung beitragen k\u00f6nnen.<\/div>\t\t\t\t<\/div>\n\t\t\t\t<\/div>\n\t\t\t\t<div class=\"elementor-element elementor-element-d404fa3 elementor-widget elementor-widget-text-editor\" data-id=\"d404fa3\" data-element_type=\"widget\" data-e-type=\"widget\" data-widget_type=\"text-editor.default\">\n\t\t\t\t<div class=\"elementor-widget-container\">\n\t\t\t\t\t\t\t\t\t<p>Ihr Unternehmensprofil enth\u00e4lt:<\/p>\n<ul>\n<li>eine detaillierte Darstellung der zu besetzenden Stellen,<\/li>\n<li>die Hervorhebung Ihrer Einrichtung durch Fotos und Videos,<\/li>\n<li>\ndie Erstellung einer speziellen Mini-Website, die von unseren Teams entwickelt wurde, um die Referenzierung und<br>\nSichtbarkeit Ihrer Angebote zu verbessern,<\/li>\n<li>die Integration Ihrer Anzeige in eine interaktive Karte, damit Bewerber Ihren Standort schnell finden und auf wichtige Informationen zugreifen k\u00f6nnen.<\/li>\n<li>\u00dcbersetzung in 5 Sprachen<\/li>\n<\/ul>\n<p>Dieser Ansatz f\u00f6rdert relevante Bewerbungen von motivierten und gut informierten Kandidaten.<\/p>\n\t\t\t\t\t\t\t\t<\/div>\n\t\t\t\t<\/div>\n\t\t\t\t<div class=\"elementor-element elementor-element-870eec7 elementor-widget elementor-widget-heading\" data-id=\"870eec7\" data-element_type=\"widget\" data-e-type=\"widget\" data-widget_type=\"heading.default\">\n\t\t\t\t<div class=\"elementor-widget-container\">\n\t\t\t\t\t<h4 class=\"elementor-heading-title elementor-size-default\">Ihre Anzeige ist europaweit in 5 Sprachen sichtbar<\/h4>\t\t\t\t<\/div>\n\t\t\t\t<\/div>\n\t\t\t\t<\/div>\n\t\t\t\t\t<\/div>\n\t\t\t\t<\/div>\n\t\t<div class=\"elementor-element elementor-element-253e8af e-flex e-con-boxed e-con e-parent\" data-id=\"253e8af\" data-element_type=\"container\" data-e-type=\"container\" data-settings='{\"background_background\":\"classic\"}'>\n\t\t\t\t\t<div class=\"e-con-inner\">\n\t\t<div class=\"elementor-element elementor-element-8d6a928 e-con-full e-flex e-con e-child\" data-id=\"8d6a928\" data-element_type=\"container\" data-e-type=\"container\">\n\t\t\t\t<div class=\"elementor-element elementor-element-c44c93d elementor-widget elementor-widget-image\" data-id=\"c44c93d\" data-element_type=\"widget\" data-e-type=\"widget\" data-widget_type=\"image.default\">\n\t\t\t\t<div class=\"elementor-widget-container\">\n\t\t\t\t\t\t\t\t\t\t\t\t\t\t\t<img loading=\"lazy\" decoding=\"async\" width=\"584\" height=\"495\" src=\"https:\/\/foodandgood.fr\/wp-content\/uploads\/2026\/03\/jobs-1.png\" class=\"attachment-large size-large wp-image-185077\" alt=\"\" srcset=\"https:\/\/foodandgood.fr\/wp-content\/uploads\/2026\/03\/jobs-1.png 584w, https:\/\/foodandgood.fr\/wp-content\/uploads\/2026\/03\/jobs-1-300x254.png 300w, https:\/\/foodandgood.fr\/wp-content\/uploads\/2026\/03\/jobs-1-150x127.png 150w\" sizes=\"auto, (max-width: 584px) 100vw, 584px\">\t\t\t\t\t\t\t\t\t\t\t\t\t\t\t<\/div>\n\t\t\t\t<\/div>\n\t\t\t\t<\/div>\n\t\t<div class=\"elementor-element elementor-element-f30383f e-con-full e-flex e-con e-child\" data-id=\"f30383f\" data-element_type=\"container\" data-e-type=\"container\">\n\t\t\t\t<div class=\"elementor-element elementor-element-18cf20b elementor-widget elementor-widget-image\" data-id=\"18cf20b\" data-element_type=\"widget\" data-e-type=\"widget\" data-widget_type=\"image.default\">\n\t\t\t\t<div class=\"elementor-widget-container\">\n\t\t\t\t\t\t\t\t\t\t\t\t\t\t\t<img loading=\"lazy\" decoding=\"async\" width=\"704\" height=\"671\" src=\"https:\/\/foodandgood.fr\/wp-content\/uploads\/2026\/03\/jobs-2.png\" class=\"attachment-large size-large wp-image-185083\" alt=\"\" srcset=\"https:\/\/foodandgood.fr\/wp-content\/uploads\/2026\/03\/jobs-2.png 704w, https:\/\/foodandgood.fr\/wp-content\/uploads\/2026\/03\/jobs-2-300x286.png 300w, https:\/\/foodandgood.fr\/wp-content\/uploads\/2026\/03\/jobs-2-150x143.png 150w, https:\/\/foodandgood.fr\/wp-content\/uploads\/2026\/03\/jobs-2-600x572.png 600w\" sizes=\"auto, (max-width: 704px) 100vw, 704px\">\t\t\t\t\t\t\t\t\t\t\t\t\t\t\t<\/div>\n\t\t\t\t<\/div>\n\t\t\t\t<\/div>\n\t\t\t\t\t<\/div>\n\t\t\t\t<\/div>\n\t\t<div class=\"elementor-element elementor-element-d44f3fe e-flex e-con-boxed e-con e-parent\" data-id=\"d44f3fe\" data-element_type=\"container\" data-e-type=\"container\">\n\t\t\t\t\t<div class=\"e-con-inner\">\n\t\t\t\t<div class=\"elementor-element elementor-element-f4a79d8 elementor-align-center elementor-widget elementor-widget-button\" data-id=\"f4a79d8\" data-element_type=\"widget\" data-e-type=\"widget\" data-widget_type=\"button.default\">\n\t\t\t\t<div class=\"elementor-widget-container\">\n\t\t\t\t\t\t\t\t\t<div class=\"elementor-button-wrapper\">\n\t\t\t\t\t<a class=\"elementor-button elementor-button-link elementor-size-sm\" href=\"https:\/\/foodandgood.fr\/foodandgood-jobs\/\" target=\"_blank\">\n\t\t\t\t\t\t<span class=\"elementor-button-content-wrapper\">\n\t\t\t\t\t\t\t\t\t<span class=\"elementor-button-text\">Weitere Informationen<\/span>\n\t\t\t\t\t<\/span>\n\t\t\t\t\t<\/a>\n\t\t\t\t<\/div>\n\t\t\t\t\t\t\t\t<\/div>\n\t\t\t\t<\/div>\n\t\t\t\t\t<\/div>\n\t\t\t\t<\/div>\n\t\t\t\t<\/div>\n\t\t","protected":false},"excerpt":{"rendered":"<p>food&amp;good Jobs Les offres d\u2019emploi de l\u2019h\u00f4tellerie et la gastronomie Tous les types de contratsCDI (Contrat Dur\u00e9e Ind\u00e9termin\u00e9e) Toutes les cat\u00e9goriesCuisine \/ Chef(fe) de partieSalle \/ Serveur \/ ServeuseCuisine \/ Autre posteCuisine \/ Chef(fe) de cuisineSalle \/ Autre poste Chargement des jobs\u2026 Une seule plateforme pour vos offres d\u2019emploi La plateforme europ\u00e9enne de recrutement d\u00e9di\u00e9e [&hellip;]<\/p>\n","protected":false},"author":4,"featured_media":0,"parent":0,"menu_order":0,"comment_status":"closed","ping_status":"closed","template":"","meta":{"_acf_changed":false,"footnotes":"","beyondwords_generate_audio":"","beyondwords_integration_method":"","beyondwords_project_id":"","beyondwords_content_id":"","beyondwords_preview_token":"","beyondwords_player_content":"","beyondwords_player_style":"","beyondwords_language_code":"","beyondwords_language_id":"","beyondwords_title_voice_id":"","beyondwords_body_voice_id":"","beyondwords_summary_voice_id":"","beyondwords_error_message":"","beyondwords_disabled":"","beyondwords_delete_content":"","beyondwords_podcast_id":"","beyondwords_hash":"","publish_post_to_speechkit":"","speechkit_hash":"","speechkit_generate_audio":"","speechkit_project_id":"","speechkit_podcast_id":"","speechkit_error_message":"","speechkit_disabled":"","speechkit_access_key":"","speechkit_error":"","speechkit_info":"","speechkit_response":"","speechkit_retries":"","speechkit_status":"","speechkit_updated_at":"","_speechkit_link":"","_speechkit_text":""},"class_list":["post-185445","page","type-page","status-publish","hentry"],"acf":[],"_links":{"self":[{"href":"https:\/\/foodandgood.fr\/de\/wp-json\/wp\/v2\/pages\/185445","targetHints":{"allow":["GET"]}}],"collection":[{"href":"https:\/\/foodandgood.fr\/de\/wp-json\/wp\/v2\/pages"}],"about":[{"href":"https:\/\/foodandgood.fr\/de\/wp-json\/wp\/v2\/types\/page"}],"author":[{"embeddable":true,"href":"https:\/\/foodandgood.fr\/de\/wp-json\/wp\/v2\/users\/4"}],"replies":[{"embeddable":true,"href":"https:\/\/foodandgood.fr\/de\/wp-json\/wp\/v2\/comments?post=185445"}],"version-history":[{"count":1,"href":"https:\/\/foodandgood.fr\/de\/wp-json\/wp\/v2\/pages\/185445\/revisions"}],"predecessor-version":[{"id":185446,"href":"https:\/\/foodandgood.fr\/de\/wp-json\/wp\/v2\/pages\/185445\/revisions\/185446"}],"wp:attachment":[{"href":"https:\/\/foodandgood.fr\/de\/wp-json\/wp\/v2\/media?parent=185445"}],"curies":[{"name":"wp","href":"https:\/\/api.w.org\/{rel}","templated":true}]}}