 {"id":184769,"date":"2026-03-09T08:29:27","date_gmt":"2026-03-09T07:29:27","guid":{"rendered":"https:\/\/foodandgood.fr\/politique-de-noshow-empreinte-bancaire-annulation-2\/"},"modified":"2026-03-09T10:45:14","modified_gmt":"2026-03-09T09:45:14","slug":"noshow-richtlinie-bankverbindung-stornierung","status":"publish","type":"page","link":"https:\/\/foodandgood.fr\/de\/noshow-richtlinie-bankverbindung-stornierung\/","title":{"rendered":"NoShow-Richtlinie \u2013 Bankverbindung \u2013 Stornierung"},"content":{"rendered":"\t\t<div data-elementor-type=\"wp-page\" data-elementor-id=\"184769\" class=\"elementor elementor-184769 elementor-184624\" data-elementor-post-type=\"page\">\n\t\t\t\t<div class=\"elementor-element elementor-element-5ad958e e-flex e-con-boxed e-con e-parent\" data-id=\"5ad958e\" data-element_type=\"container\" data-e-type=\"container\">\n\t\t\t\t\t<div class=\"e-con-inner\">\n\t\t\t\t<div class=\"elementor-element elementor-element-8fa36ca elementor-widget elementor-widget-text-editor\" data-id=\"8fa36ca\" data-element_type=\"widget\" data-e-type=\"widget\" data-widget_type=\"text-editor.default\">\n\t\t\t\t<div class=\"elementor-widget-container\">\n\t\t\t\t\t\t\t\t\t<p>Diese Bedingungen k\u00f6nnen bei der Buchung angezeigt werden.<\/p>\n<h3>1 \u2013 Reservierungsbedingungen<\/h3>\n<p>\nUm die Verf\u00fcgbarkeit der Tische zu gew\u00e4hrleisten und nicht eingehaltene Reservierungen zu vermeiden, k\u00f6nnen f\u00fcr bestimmte Reservierungen folgende Angaben erforderlich sein<br>\n:- eine<br>\nKreditkartenautorisierung \u2013 eine<br>\nbis zum Datum der Reservierung g\u00fcltige Kaution \u2013 eine<br>\nVorauszahlung \u2013 eine Anzahlung.<\/p>\n<h3>2 \u2013 Kreditkartenabdruck<\/h3>\n<p>Bei der Reservierung kann eine Kreditkartenautorisierung verlangt werden.<\/p>\n<p>\nDamit kann das Restaurant Geb\u00fchren in Rechnung stellen bei<br>\n:-<br>\nversp\u00e4teter Stornierung \u2013 Nichterscheinen zum Reservierungszeitpunkt.<\/p>\n<h3>3 \u2013 Stornierung<\/h3>\n<p>\nReservierungen k\u00f6nnen bis zu einem bei der Reservierung angegebenen Zeitpunkt kostenlos storniert werden.<br>\nNach Ablauf dieser Frist k\u00f6nnen Geb\u00fchren anfallen.<\/p>\n<h3>4 \u2013 Nichterscheinen<\/h3>\n<p>\nBei Nichterscheinen ohne vorherige Stornierung<br>\n:- kann das Restaurant eine Geb\u00fchr pro reservierter Person<br>\nberechnen.- Der Betrag wird bei der Reservierung angegeben.<\/p>\n<h3>5 \u2013 Zahlungen<\/h3>\n<p>\nDie Zahlungen werden \u00fcber sichere Zahlungsdienstleister abgewickelt.<br>\nDie Bankdaten werden von Food&amp;Good RESA nicht gespeichert.<\/p>\n<h3>6 \u2013 Zustimmung<\/h3>\n<p>\nMit der Best\u00e4tigung der Reservierung akzeptiert der Nutzer<br>\n:- die<br>\nStornierungsbedingungen \u2013 die<br>\nAnti-No-Show-Richtlinien \u2013 eventuelle anfallende Geb\u00fchren.<\/p>\n<h3>7 \u2013 Anwendbares Recht und Streitigkeiten<\/h3>\n<p>\nDie vorliegenden Bedingungen unterliegen franz\u00f6sischem Recht.<br>\nIm Falle einer Streitigkeit werden die Parteien versuchen, vor Einleitung eines Gerichtsverfahrens eine g\u00fctliche Einigung zu erzielen.<br>\nKann keine Einigung erzielt werden, sind die Gerichte zust\u00e4ndig, in deren Zust\u00e4ndigkeitsbereich sich der Sitz von Food&amp;Good SAS zum Zeitpunkt des Entstehens der Streitigkeit befindet.<\/p>\n\t\t\t\t\t\t\t\t<\/div>\n\t\t\t\t<\/div>\n\t\t\t\t\t<\/div>\n\t\t\t\t<\/div>\n\t\t\t\t<\/div>\n\t\t","protected":false},"excerpt":{"rendered":"<p>Ces conditions peuvent \u00eatre affich\u00e9es lors de la r\u00e9servation. 1 \u2013 Politique de r\u00e9servation Afin de garantir la disponibilit\u00e9 des tables et d\u2019\u00e9viter les r\u00e9servations non honor\u00e9es, certaines r\u00e9servations peuvent n\u00e9cessiter :\u2013 une empreinte bancaire\u2013 une caution valable jusqu\u2019\u00e0 lka date de r\u00e9servation\u2013 un pr\u00e9paiement\u2013 un acompte. 2 \u2013 Empreinte bancaire Une empreinte bancaire peut [&hellip;]<\/p>\n","protected":false},"author":4,"featured_media":0,"parent":0,"menu_order":0,"comment_status":"closed","ping_status":"closed","template":"","meta":{"_acf_changed":false,"footnotes":"","beyondwords_generate_audio":"","beyondwords_integration_method":"","beyondwords_project_id":"","beyondwords_content_id":"","beyondwords_preview_token":"","beyondwords_player_content":"","beyondwords_player_style":"","beyondwords_language_code":"","beyondwords_language_id":"","beyondwords_title_voice_id":"","beyondwords_body_voice_id":"","beyondwords_summary_voice_id":"","beyondwords_error_message":"","beyondwords_disabled":"","beyondwords_delete_content":"","beyondwords_podcast_id":"","beyondwords_hash":"","publish_post_to_speechkit":"","speechkit_hash":"","speechkit_generate_audio":"","speechkit_project_id":"","speechkit_podcast_id":"","speechkit_error_message":"","speechkit_disabled":"","speechkit_access_key":"","speechkit_error":"","speechkit_info":"","speechkit_response":"","speechkit_retries":"","speechkit_status":"","speechkit_updated_at":"","_speechkit_link":"","_speechkit_text":""},"class_list":["post-184769","page","type-page","status-publish","hentry"],"acf":[],"_links":{"self":[{"href":"https:\/\/foodandgood.fr\/de\/wp-json\/wp\/v2\/pages\/184769","targetHints":{"allow":["GET"]}}],"collection":[{"href":"https:\/\/foodandgood.fr\/de\/wp-json\/wp\/v2\/pages"}],"about":[{"href":"https:\/\/foodandgood.fr\/de\/wp-json\/wp\/v2\/types\/page"}],"author":[{"embeddable":true,"href":"https:\/\/foodandgood.fr\/de\/wp-json\/wp\/v2\/users\/4"}],"replies":[{"embeddable":true,"href":"https:\/\/foodandgood.fr\/de\/wp-json\/wp\/v2\/comments?post=184769"}],"version-history":[{"count":1,"href":"https:\/\/foodandgood.fr\/de\/wp-json\/wp\/v2\/pages\/184769\/revisions"}],"predecessor-version":[{"id":184770,"href":"https:\/\/foodandgood.fr\/de\/wp-json\/wp\/v2\/pages\/184769\/revisions\/184770"}],"wp:attachment":[{"href":"https:\/\/foodandgood.fr\/de\/wp-json\/wp\/v2\/media?parent=184769"}],"curies":[{"name":"wp","href":"https:\/\/api.w.org\/{rel}","templated":true}]}}