 {"id":184761,"date":"2026-03-09T08:30:15","date_gmt":"2026-03-09T07:30:15","guid":{"rendered":"https:\/\/foodandgood.fr\/politique-de-moderation-des-avis-2\/"},"modified":"2026-03-09T10:41:14","modified_gmt":"2026-03-09T09:41:14","slug":"richtlinien-zur-moderation-von-bewertungen","status":"publish","type":"page","link":"https:\/\/foodandgood.fr\/de\/richtlinien-zur-moderation-von-bewertungen\/","title":{"rendered":"Richtlinien zur Moderation von Bewertungen"},"content":{"rendered":"\t\t<div data-elementor-type=\"wp-page\" data-elementor-id=\"184761\" class=\"elementor elementor-184761 elementor-184628\" data-elementor-post-type=\"page\">\n\t\t\t\t<div class=\"elementor-element elementor-element-e7445df e-flex e-con-boxed e-con e-parent\" data-id=\"e7445df\" data-element_type=\"container\" data-e-type=\"container\">\n\t\t\t\t\t<div class=\"e-con-inner\">\n\t\t\t\t<div class=\"elementor-element elementor-element-b2b9128 elementor-widget elementor-widget-text-editor\" data-id=\"b2b9128\" data-element_type=\"widget\" data-e-type=\"widget\" data-widget_type=\"text-editor.default\">\n\t\t\t\t<div class=\"elementor-widget-container\">\n\t\t\t\t\t\t\t\t\t<h3>1. Ziel<\/h3>\n<p>\nFood&amp;Good m\u00f6chte authentische und n\u00fctzliche Bewertungen f\u00fcr die Nutzer gew\u00e4hrleisten.<br>\nNur Personen, die eine Reservierung vorgenommen haben, k\u00f6nnen eine Bewertung ver\u00f6ffentlichen.<\/p>\n<h3>2. Ver\u00f6ffentlichungsregeln<\/h3>\n<p>\nBewertungen m\u00fcssen<br>\n:\u2013 auf einer tats\u00e4chlichen<br>\nErfahrung basieren \u2013 respektvoll<br>\nsein \u2013 keine Beleidigungen oder<br>\ndiffamierenden \u00c4u\u00dferungen enthalten \u2013 keine Werbung enthalten.<\/p>\n<h3>3. Moderation<\/h3>\n<p>\nFood&amp;Good kann<br>\n:\u2013 eine Bewertung l\u00f6schen<br>\n\u2013 ein Konto<br>\nsperren \u2013 einen Nutzer blockieren<\/p>\n<p>\nwenn die Bewertung<br>\n:\u2013 falsch<br>\nist \u2013<br>\nbeleidigend ist \u2013 betr\u00fcgerisch ist.<\/p>\n<h3>4. Recht auf Gegendarstellung des Restaurants<\/h3>\n<p>Restaurants k\u00f6nnen \u00f6ffentlich auf Bewertungen antworten.<\/p>\n<h3>5. Bek\u00e4mpfung von Reservierungsmissbrauch<\/h3>\n<p>Um Missbrauch zu vermeiden, kann Food&amp;Good:<\/p>\n<p>\n\u2013 gleichzeitige Reservierungen<br>\nbeschr\u00e4nken \u2013 ein Benutzerkonto<br>\nsperren \u2013 Benutzer mit mehreren No-Shows sperren.<\/p>\n<h3>6. Sanktionen<\/h3>\n<p>\nBei wiederholtem Missbrauch kann Food&amp;Good<br>\n:- das Benutzerkonto<br>\nl\u00f6schen \u2013 den Zugang zur Plattform sperren.<\/p>\n<h3>7. Anwendbares Recht und Streitigkeiten<\/h3>\n<p>\nDie vorliegenden Bedingungen unterliegen franz\u00f6sischem Recht.<br>\nIm Falle einer Streitigkeit werden die Parteien versuchen, vor Einleitung eines Gerichtsverfahrens eine g\u00fctliche Einigung zu erzielen.<br>\nKann keine Einigung erzielt werden, sind die zum Zeitpunkt des Entstehens der Streitigkeit f\u00fcr den Sitz von Food&amp;Good SAS zust\u00e4ndigen Gerichte zust\u00e4ndig.<\/p>\n\t\t\t\t\t\t\t\t<\/div>\n\t\t\t\t<\/div>\n\t\t\t\t\t<\/div>\n\t\t\t\t<\/div>\n\t\t\t\t<\/div>\n\t\t","protected":false},"excerpt":{"rendered":"<p>1. Objectif Food&amp;Good souhaite garantir des avis authentiques et utiles pour les utilisateurs.Seules les personnes ayant effectu\u00e9 une r\u00e9servation peuvent publier un avis. 2. R\u00e8gles de publication Les avis doivent :\u2013 \u00eatre bas\u00e9s sur une exp\u00e9rience r\u00e9elle\u2013 rester respectueux\u2013 ne pas contenir d\u2019insultes ou propos diffamatoires\u2013 ne pas contenir de publicit\u00e9. 3. Mod\u00e9ration Food&amp;Good peut [&hellip;]<\/p>\n","protected":false},"author":4,"featured_media":0,"parent":0,"menu_order":0,"comment_status":"closed","ping_status":"closed","template":"","meta":{"_acf_changed":false,"footnotes":"","beyondwords_generate_audio":"","beyondwords_integration_method":"","beyondwords_project_id":"","beyondwords_content_id":"","beyondwords_preview_token":"","beyondwords_player_content":"","beyondwords_player_style":"","beyondwords_language_code":"","beyondwords_language_id":"","beyondwords_title_voice_id":"","beyondwords_body_voice_id":"","beyondwords_summary_voice_id":"","beyondwords_error_message":"","beyondwords_disabled":"","beyondwords_delete_content":"","beyondwords_podcast_id":"","beyondwords_hash":"","publish_post_to_speechkit":"","speechkit_hash":"","speechkit_generate_audio":"","speechkit_project_id":"","speechkit_podcast_id":"","speechkit_error_message":"","speechkit_disabled":"","speechkit_access_key":"","speechkit_error":"","speechkit_info":"","speechkit_response":"","speechkit_retries":"","speechkit_status":"","speechkit_updated_at":"","_speechkit_link":"","_speechkit_text":""},"class_list":["post-184761","page","type-page","status-publish","hentry"],"acf":[],"_links":{"self":[{"href":"https:\/\/foodandgood.fr\/de\/wp-json\/wp\/v2\/pages\/184761","targetHints":{"allow":["GET"]}}],"collection":[{"href":"https:\/\/foodandgood.fr\/de\/wp-json\/wp\/v2\/pages"}],"about":[{"href":"https:\/\/foodandgood.fr\/de\/wp-json\/wp\/v2\/types\/page"}],"author":[{"embeddable":true,"href":"https:\/\/foodandgood.fr\/de\/wp-json\/wp\/v2\/users\/4"}],"replies":[{"embeddable":true,"href":"https:\/\/foodandgood.fr\/de\/wp-json\/wp\/v2\/comments?post=184761"}],"version-history":[{"count":1,"href":"https:\/\/foodandgood.fr\/de\/wp-json\/wp\/v2\/pages\/184761\/revisions"}],"predecessor-version":[{"id":184762,"href":"https:\/\/foodandgood.fr\/de\/wp-json\/wp\/v2\/pages\/184761\/revisions\/184762"}],"wp:attachment":[{"href":"https:\/\/foodandgood.fr\/de\/wp-json\/wp\/v2\/media?parent=184761"}],"curies":[{"name":"wp","href":"https:\/\/api.w.org\/{rel}","templated":true}]}}