 {"id":184748,"date":"2026-03-09T08:29:17","date_gmt":"2026-03-09T07:29:17","guid":{"rendered":"https:\/\/foodandgood.fr\/conditions-generales-de-vente-2\/"},"modified":"2026-03-09T10:25:10","modified_gmt":"2026-03-09T09:25:10","slug":"allgemeine-geschaftsbedingungen","status":"publish","type":"page","link":"https:\/\/foodandgood.fr\/de\/allgemeine-geschaftsbedingungen\/","title":{"rendered":"Allgemeine Gesch\u00e4ftsbedingungen"},"content":{"rendered":"\t\t<div data-elementor-type=\"wp-page\" data-elementor-id=\"184748\" class=\"elementor elementor-184748 elementor-184622\" data-elementor-post-type=\"page\">\n\t\t\t\t<div class=\"elementor-element elementor-element-6ea7eef e-flex e-con-boxed e-con e-parent\" data-id=\"6ea7eef\" data-element_type=\"container\" data-e-type=\"container\">\n\t\t\t\t\t<div class=\"e-con-inner\">\n\t\t\t\t<div class=\"elementor-element elementor-element-d2b22cf elementor-widget elementor-widget-text-editor\" data-id=\"d2b22cf\" data-element_type=\"widget\" data-e-type=\"widget\" data-widget_type=\"text-editor.default\">\n\t\t\t\t<div class=\"elementor-widget-container\">\n\t\t\t\t\t\t\t\t\t<p>ALLGEMEINE NUTZUNGSBEDINGUNGEN food&amp;good RESA<\/p>\n<p>Plattform: Food&amp;Good RESA<\/p>\n<p>Letzte Aktualisierung: 30. Juni 2025<\/p>\n<p>1. Gegenstand<\/p>\n<p>Die vorliegenden Allgemeinen Nutzungsbedingungen (ANB) legen die Regeln f\u00fcr die Nutzung der Plattform Food&amp;Good RESA fest, \u00fcber die Nutzer einen Tisch in einem Partnerrestaurant reservieren k\u00f6nnen.<\/p>\n<p>2. Angebotene Dienstleistung<\/p>\n<p>\nDie Plattform erm\u00f6glicht es den Nutzern<br>\n:- ein Restaurant<br>\nzu suchen \u2013 die Verf\u00fcgbarkeit<br>\nzu pr\u00fcfen \u2013 einen Tisch<br>\nonline<br>\nzu reservieren \u2013 eine Reservierung zu \u00e4ndern oder zu stornieren \u2013 nach ihrem Besuch eine Bewertung abzugeben.<\/p>\n<p>Food&amp;Good fungiert lediglich als technischer Vermittler zwischen dem Restaurant und dem Nutzer.<\/p>\n<p>3. Reservierungen<\/p>\n<p>\nBei einer Reservierung muss der Nutzer folgende<br>\nkorrekte Angaben machen:- Name \u2013 Vorname \u2013 Telefonnummer<br><br>\n\u2013<br>\ng\u00fcltige E-Mail-Adresse \u2013 Anzahl der Personen<br>\n\u2013 Ern\u00e4hrungsgewohnheiten und Allergene<\/p>\n<p>\nDas Restaurant kann eine Reservierung insbesondere in folgenden F\u00e4llen ablehnen oder stornieren<br>\n:\u2013<br>\nfalsche Angaben \u2013 Missbrauch<br>\nder Reservierungsfunktion \u2013 Nichteinhaltung der Bedingungen des<br>\nRestaurants \u2013 Ern\u00e4hrungsgewohnheiten und Allergene, die nicht ber\u00fccksichtigt werden k\u00f6nnen<\/p>\n<p>4. Stornierung oder \u00c4nderung<\/p>\n<p>\nDer Nutzer kann seine Reservierung stornieren oder \u00e4ndern \u00fcber<br>\n:- den per E-Mail<br>\nerhaltenen Link \u2013 den<br>\nReservierungsbereich \u2013 telefonisch beim Restaurant<br>\nDie Stornierungsfristen k\u00f6nnen je nach Restaurant variieren.<\/p>\n<p>5. No-Show (Nichterscheinen zur Reservierung)<\/p>\n<p>\nWenn der Nutzer ohne vorherige Stornierung nicht zu seiner Reservierung erscheint, kann das Restaurant Folgendes anwenden<br>\n:-<br>\nStornierungsgeb\u00fchren \u2013 Belastung<br>\neiner Bankkarte \u2013 Ablehnung zuk\u00fcnftiger Reservierungen.<\/p>\n<p>6. Bezahlung oder Vorauszahlung<\/p>\n<p>\nEinige Restaurants k\u00f6nnen Folgendes verlangen<br>\n:- eine<br>\nKreditkartenabbuchung \u2013<br>\neine bis zum Datum der Reservierung g\u00fcltige Kaution \u2013 eine<br>\nVorauszahlung \u2013 eine Anzahlung.<br>\nDiese Zahlungen werden von sicheren Dienstleistern abgewickelt.<\/p>\n<p>7. Bewertungen und Kommentare<\/p>\n<p>\nBenutzer k\u00f6nnen nach ihrem Besuch Bewertungen ver\u00f6ffentlichen.<br>\nSie verpflichten sich, Inhalte zu ver\u00f6ffentlichen<br>\n, die:-<br>\nehrlich \u2013<br>\nrespektvoll \u2013 nicht diffamierend sind.<\/p>\n<p>Food&amp;Good beh\u00e4lt sich das Recht vor, unangemessene Inhalte zu l\u00f6schen.<\/p>\n<p>8. Haftung<\/p>\n<p>Food&amp;Good fungiert lediglich als technischer Vermittler.<\/p>\n<p>\nDas Unternehmen haftet nicht f\u00fcr<br>\n:- die Qualit\u00e4t des Service des<br>\nRestaurants \u2013 die praktizierten<br>\nPreise \u2013 \u00c4nderungen oder Stornierungen durch das Restaurant.<\/p>\n<p>9. Personenbezogene Daten<\/p>\n<p>\nPersonenbezogene Daten werden verwendet, um<br>\n:-<br>\nReservierungen zu verwalten \u2013 Best\u00e4tigungen<br>\nzu versenden \u2013 den Service<br>\nzu verbessern \u2013 \u00fcber die Dienstleistungen des<br>\nUnternehmens zu informieren \u2013 in angemessenem Umfang kommerzielle Informationen des Unternehmens oder von Food&amp;Good per E-Mail zu versenden.<\/p>\n<p>\nDie Nutzer haben das Recht<br>\nauf:- Zugang<br>\n\u2013<br>\nBerichtigung \u2013 L\u00f6schung.<\/p>\n<p>10. Datenschutzerkl\u00e4rung<\/p>\n<p>\n10.a Sicherheit<br>\nFood&amp;Good ergreift technische und organisatorische Ma\u00dfnahmen zum Schutz personenbezogener Daten.<\/p>\n<p>10.b Cookies<\/p>\n<p>\nDie Plattform verwendet Cookies f\u00fcr<br>\n:- den Betrieb der Website<br>\n\u2013<br>\nStatistiken \u2013 die Verbesserung der Benutzererfahrung.<\/p>\n<p>Der Nutzer kann seine Cookie-Einstellungen \u00fcber seinen Browser verwalten.<\/p>\n<p>11. Anwendbares Recht<\/p>\n<p>\nDie Nutzung des Dienstes food&amp;good RESA setzt die Annahme der oben genannten Nutzungsbedingungen voraus.<br>\nDie vorliegenden Bedingungen unterliegen franz\u00f6sischem Recht.<br>\nIm Falle einer Streitigkeit werden die Parteien versuchen, vor Einleitung eines Gerichtsverfahrens eine g\u00fctliche Einigung zu erzielen.<br>\nKann keine Einigung erzielt werden, sind die zum Zeitpunkt des Entstehens der Streitigkeit f\u00fcr den Sitz von Food&amp;Good SAS zust\u00e4ndigen Gerichte zust\u00e4ndig.<\/p>\n\t\t\t\t\t\t\t\t<\/div>\n\t\t\t\t<\/div>\n\t\t\t\t\t<\/div>\n\t\t\t\t<\/div>\n\t\t\t\t<\/div>\n\t\t","protected":false},"excerpt":{"rendered":"<p>dqsdqsdqsd<\/p>\n","protected":false},"author":4,"featured_media":0,"parent":0,"menu_order":0,"comment_status":"closed","ping_status":"closed","template":"","meta":{"_acf_changed":false,"footnotes":"","beyondwords_generate_audio":"","beyondwords_integration_method":"","beyondwords_project_id":"","beyondwords_content_id":"","beyondwords_preview_token":"","beyondwords_player_content":"","beyondwords_player_style":"","beyondwords_language_code":"","beyondwords_language_id":"","beyondwords_title_voice_id":"","beyondwords_body_voice_id":"","beyondwords_summary_voice_id":"","beyondwords_error_message":"","beyondwords_disabled":"","beyondwords_delete_content":"","beyondwords_podcast_id":"","beyondwords_hash":"","publish_post_to_speechkit":"","speechkit_hash":"","speechkit_generate_audio":"","speechkit_project_id":"","speechkit_podcast_id":"","speechkit_error_message":"","speechkit_disabled":"","speechkit_access_key":"","speechkit_error":"","speechkit_info":"","speechkit_response":"","speechkit_retries":"","speechkit_status":"","speechkit_updated_at":"","_speechkit_link":"","_speechkit_text":""},"class_list":["post-184748","page","type-page","status-publish","hentry"],"acf":[],"_links":{"self":[{"href":"https:\/\/foodandgood.fr\/de\/wp-json\/wp\/v2\/pages\/184748","targetHints":{"allow":["GET"]}}],"collection":[{"href":"https:\/\/foodandgood.fr\/de\/wp-json\/wp\/v2\/pages"}],"about":[{"href":"https:\/\/foodandgood.fr\/de\/wp-json\/wp\/v2\/types\/page"}],"author":[{"embeddable":true,"href":"https:\/\/foodandgood.fr\/de\/wp-json\/wp\/v2\/users\/4"}],"replies":[{"embeddable":true,"href":"https:\/\/foodandgood.fr\/de\/wp-json\/wp\/v2\/comments?post=184748"}],"version-history":[{"count":1,"href":"https:\/\/foodandgood.fr\/de\/wp-json\/wp\/v2\/pages\/184748\/revisions"}],"predecessor-version":[{"id":184749,"href":"https:\/\/foodandgood.fr\/de\/wp-json\/wp\/v2\/pages\/184748\/revisions\/184749"}],"wp:attachment":[{"href":"https:\/\/foodandgood.fr\/de\/wp-json\/wp\/v2\/media?parent=184748"}],"curies":[{"name":"wp","href":"https:\/\/api.w.org\/{rel}","templated":true}]}}